{"id":182,"date":"2020-03-13T11:26:23","date_gmt":"2020-03-13T10:26:23","guid":{"rendered":"https:\/\/maikinthebox.de\/?page_id=182"},"modified":"2024-04-09T13:32:59","modified_gmt":"2024-04-09T11:32:59","slug":"ambientebeleuchtung","status":"publish","type":"page","link":"https:\/\/maikinthebox.de\/?page_id=182","title":{"rendered":"Ambientebeleuchtung"},"content":{"rendered":"\t\t<div data-elementor-type=\"wp-page\" data-elementor-id=\"182\" class=\"elementor elementor-182\">\n\t\t\t\t\t\t<section class=\"elementor-section elementor-top-section elementor-element elementor-element-b0aab59 elementor-section-stretched elementor-section-boxed elementor-section-height-default elementor-section-height-default\" data-id=\"b0aab59\" data-element_type=\"section\" data-settings=\"{&quot;stretch_section&quot;:&quot;section-stretched&quot;}\">\n\t\t\t\t\t\t<div class=\"elementor-container elementor-column-gap-default\">\n\t\t\t\t\t<div class=\"elementor-column elementor-col-100 elementor-top-column elementor-element elementor-element-b4fc658\" data-id=\"b4fc658\" data-element_type=\"column\">\n\t\t\t<div class=\"elementor-widget-wrap elementor-element-populated\">\n\t\t\t\t\t\t<div class=\"elementor-element elementor-element-8d94fb1 elementor-view-default elementor-widget elementor-widget-icon\" data-id=\"8d94fb1\" data-element_type=\"widget\" data-widget_type=\"icon.default\">\n\t\t\t\t<div class=\"elementor-widget-container\">\n\t\t\t\t\t\t\t<div class=\"elementor-icon-wrapper\">\n\t\t\t<div class=\"elementor-icon\">\n\t\t\t<i aria-hidden=\"true\" class=\"far fa-lightbulb\"><\/i>\t\t\t<\/div>\n\t\t<\/div>\n\t\t\t\t\t\t<\/div>\n\t\t\t\t<\/div>\n\t\t\t\t\t<\/div>\n\t\t<\/div>\n\t\t\t\t\t<\/div>\n\t\t<\/section>\n\t\t\t\t<section class=\"elementor-section elementor-top-section elementor-element elementor-element-23ee9e5 elementor-section-stretched elementor-section-boxed elementor-section-height-default elementor-section-height-default\" data-id=\"23ee9e5\" data-element_type=\"section\" data-settings=\"{&quot;stretch_section&quot;:&quot;section-stretched&quot;}\">\n\t\t\t\t\t\t<div class=\"elementor-container elementor-column-gap-default\">\n\t\t\t\t\t<div class=\"elementor-column elementor-col-100 elementor-top-column elementor-element elementor-element-7037366\" data-id=\"7037366\" data-element_type=\"column\">\n\t\t\t<div class=\"elementor-widget-wrap elementor-element-populated\">\n\t\t\t\t\t\t<div class=\"elementor-element elementor-element-3d3566a elementor-widget elementor-widget-spacer\" data-id=\"3d3566a\" data-element_type=\"widget\" data-widget_type=\"spacer.default\">\n\t\t\t\t<div class=\"elementor-widget-container\">\n\t\t\t\t\t\t\t<div class=\"elementor-spacer\">\n\t\t\t<div class=\"elementor-spacer-inner\"><\/div>\n\t\t<\/div>\n\t\t\t\t\t\t<\/div>\n\t\t\t\t<\/div>\n\t\t\t\t<div class=\"elementor-element elementor-element-1b5fbc9 elementor-widget elementor-widget-heading\" data-id=\"1b5fbc9\" data-element_type=\"widget\" data-widget_type=\"heading.default\">\n\t\t\t\t<div class=\"elementor-widget-container\">\n\t\t\t\t\t<h2 class=\"elementor-heading-title elementor-size-xl\">Wir zaubern Ihnen ein perfektes Ambiente<\/h2>\t\t\t\t<\/div>\n\t\t\t\t<\/div>\n\t\t\t\t<div class=\"elementor-element elementor-element-0ac0f64 elementor-widget elementor-widget-spacer\" data-id=\"0ac0f64\" data-element_type=\"widget\" data-widget_type=\"spacer.default\">\n\t\t\t\t<div class=\"elementor-widget-container\">\n\t\t\t\t\t\t\t<div class=\"elementor-spacer\">\n\t\t\t<div class=\"elementor-spacer-inner\"><\/div>\n\t\t<\/div>\n\t\t\t\t\t\t<\/div>\n\t\t\t\t<\/div>\n\t\t\t\t<div class=\"elementor-element elementor-element-56b269c elementor-widget elementor-widget-heading\" data-id=\"56b269c\" data-element_type=\"widget\" data-widget_type=\"heading.default\">\n\t\t\t\t<div class=\"elementor-widget-container\">\n\t\t\t\t\t<h2 class=\"elementor-heading-title elementor-size-large\">Mit dem Einsatz von Licht werten sie Ihr Ambiente so richtig auf!<\/h2>\t\t\t\t<\/div>\n\t\t\t\t<\/div>\n\t\t\t\t<div class=\"elementor-element elementor-element-63eec08 elementor-widget elementor-widget-spacer\" data-id=\"63eec08\" data-element_type=\"widget\" data-widget_type=\"spacer.default\">\n\t\t\t\t<div class=\"elementor-widget-container\">\n\t\t\t\t\t\t\t<div class=\"elementor-spacer\">\n\t\t\t<div class=\"elementor-spacer-inner\"><\/div>\n\t\t<\/div>\n\t\t\t\t\t\t<\/div>\n\t\t\t\t<\/div>\n\t\t\t\t<div class=\"elementor-element elementor-element-f840006 elementor-widget elementor-widget-spacer\" data-id=\"f840006\" data-element_type=\"widget\" data-widget_type=\"spacer.default\">\n\t\t\t\t<div class=\"elementor-widget-container\">\n\t\t\t\t\t\t\t<div class=\"elementor-spacer\">\n\t\t\t<div class=\"elementor-spacer-inner\"><\/div>\n\t\t<\/div>\n\t\t\t\t\t\t<\/div>\n\t\t\t\t<\/div>\n\t\t\t\t<div class=\"elementor-element elementor-element-c98b261 elementor-widget elementor-widget-heading\" data-id=\"c98b261\" data-element_type=\"widget\" data-widget_type=\"heading.default\">\n\t\t\t\t<div class=\"elementor-widget-container\">\n\t\t\t\t\t<h2 class=\"elementor-heading-title elementor-size-default\">Floorspots spielen hierbei eine gro\u00dfe Rolle<\/h2>\t\t\t\t<\/div>\n\t\t\t\t<\/div>\n\t\t\t\t<div class=\"elementor-element elementor-element-6d3ebf5 elementor-widget elementor-widget-spacer\" data-id=\"6d3ebf5\" data-element_type=\"widget\" data-widget_type=\"spacer.default\">\n\t\t\t\t<div class=\"elementor-widget-container\">\n\t\t\t\t\t\t\t<div class=\"elementor-spacer\">\n\t\t\t<div class=\"elementor-spacer-inner\"><\/div>\n\t\t<\/div>\n\t\t\t\t\t\t<\/div>\n\t\t\t\t<\/div>\n\t\t\t\t<div class=\"elementor-element elementor-element-3adec21 elementor-widget elementor-widget-text-editor\" data-id=\"3adec21\" data-element_type=\"widget\" data-widget_type=\"text-editor.default\">\n\t\t\t\t<div class=\"elementor-widget-container\">\n\t\t\t\t\t\t\t\t\t<p>Diese\u00a0<strong>Scheinwerfer<\/strong>\u00a0werden auf den Boden gestellt und leuchten die Wand bzw. Decke an, wodurch eine\u00a0<strong>indirekte Beleuchtung<\/strong>\u00a0entsteht. Dieses Licht ist statisch, das hei\u00dft, es \u00e4ndert seine Farbe nicht. Die Farbe des Lichtes k\u00f6nnen Sie \u00fcbrigens individuell ausw\u00e4hlen: Darf es ein kr\u00e4ftiges magenta sein? Oder ein freundliches orange? Oder ist Ihre Deko komplett in blau gehalten und soll durch blaues Licht untermalt werden? Durch den Einsatz von\u00a0<strong>LED-Technik<\/strong>\u00a0sind die m\u00f6glichen Farben unbegrenzt; jede Farbabstufung ist m\u00f6glich. Somit kann man das Licht optimal dem Rest Ihrer Dekoration anpassen. Ein\u00a0<strong>Floorspot<\/strong>\u00a0kann \u00fcberdies Pflanzen oder Objekte anstrahlen und auch outdoor verwendet werden.<\/p>\t\t\t\t\t\t\t\t<\/div>\n\t\t\t\t<\/div>\n\t\t\t\t\t<\/div>\n\t\t<\/div>\n\t\t\t\t\t<\/div>\n\t\t<\/section>\n\t\t\t\t<section class=\"elementor-section elementor-top-section elementor-element elementor-element-dba9c91 elementor-section-stretched elementor-section-boxed elementor-section-height-default elementor-section-height-default\" data-id=\"dba9c91\" data-element_type=\"section\" data-settings=\"{&quot;stretch_section&quot;:&quot;section-stretched&quot;}\">\n\t\t\t\t\t\t<div class=\"elementor-container elementor-column-gap-default\">\n\t\t\t\t\t<div class=\"elementor-column elementor-col-100 elementor-top-column elementor-element elementor-element-0197196\" data-id=\"0197196\" data-element_type=\"column\">\n\t\t\t<div class=\"elementor-widget-wrap elementor-element-populated\">\n\t\t\t\t\t\t<div class=\"elementor-element elementor-element-3a17efc elementor-align-center elementor-widget elementor-widget-button\" data-id=\"3a17efc\" data-element_type=\"widget\" data-widget_type=\"button.default\">\n\t\t\t\t<div class=\"elementor-widget-container\">\n\t\t\t\t\t\t\t\t\t<div class=\"elementor-button-wrapper\">\n\t\t\t\t\t<a class=\"elementor-button elementor-button-link elementor-size-sm\" href=\"mailto:ms@maikinthebox.de\u200b\">\n\t\t\t\t\t\t<span class=\"elementor-button-content-wrapper\">\n\t\t\t\t\t\t\t\t\t<span class=\"elementor-button-text\">Frag Mich<\/span>\n\t\t\t\t\t<\/span>\n\t\t\t\t\t<\/a>\n\t\t\t\t<\/div>\n\t\t\t\t\t\t\t\t<\/div>\n\t\t\t\t<\/div>\n\t\t\t\t\t<\/div>\n\t\t<\/div>\n\t\t\t\t\t<\/div>\n\t\t<\/section>\n\t\t\t\t<section class=\"elementor-section elementor-top-section elementor-element elementor-element-76a346c elementor-section-height-min-height elementor-section-content-middle elementor-section-stretched elementor-section-boxed elementor-section-height-default elementor-section-items-middle\" data-id=\"76a346c\" data-element_type=\"section\" data-settings=\"{&quot;stretch_section&quot;:&quot;section-stretched&quot;}\">\n\t\t\t\t\t\t<div class=\"elementor-container elementor-column-gap-wide\">\n\t\t\t\t\t<div class=\"elementor-column elementor-col-100 elementor-top-column elementor-element elementor-element-c9a48a0\" data-id=\"c9a48a0\" data-element_type=\"column\">\n\t\t\t<div class=\"elementor-widget-wrap elementor-element-populated\">\n\t\t\t\t\t\t<div class=\"elementor-element elementor-element-bef3700 elementor-widget elementor-widget-image\" data-id=\"bef3700\" data-element_type=\"widget\" data-widget_type=\"image.default\">\n\t\t\t\t<div class=\"elementor-widget-container\">\n\t\t\t\t\t\t\t\t\t\t\t\t\t\t\t<img fetchpriority=\"high\" decoding=\"async\" width=\"2560\" height=\"1920\" src=\"https:\/\/maikinthebox.de\/wp-content\/uploads\/2021\/07\/20210711_040228-scaled.jpg\" class=\"attachment-full size-full wp-image-294\" alt=\"\" srcset=\"https:\/\/maikinthebox.de\/wp-content\/uploads\/2021\/07\/20210711_040228-scaled.jpg 2560w, https:\/\/maikinthebox.de\/wp-content\/uploads\/2021\/07\/20210711_040228-300x225.jpg 300w, https:\/\/maikinthebox.de\/wp-content\/uploads\/2021\/07\/20210711_040228-1024x768.jpg 1024w, https:\/\/maikinthebox.de\/wp-content\/uploads\/2021\/07\/20210711_040228-768x576.jpg 768w, https:\/\/maikinthebox.de\/wp-content\/uploads\/2021\/07\/20210711_040228-1536x1152.jpg 1536w, https:\/\/maikinthebox.de\/wp-content\/uploads\/2021\/07\/20210711_040228-2048x1536.jpg 2048w, https:\/\/maikinthebox.de\/wp-content\/uploads\/2021\/07\/20210711_040228-700x525.jpg 700w, https:\/\/maikinthebox.de\/wp-content\/uploads\/2021\/07\/20210711_040228-410x308.jpg 410w, https:\/\/maikinthebox.de\/wp-content\/uploads\/2021\/07\/20210711_040228-100x75.jpg 100w, https:\/\/maikinthebox.de\/wp-content\/uploads\/2021\/07\/20210711_040228-275x206.jpg 275w\" sizes=\"(max-width: 2560px) 100vw, 2560px\" \/>\t\t\t\t\t\t\t\t\t\t\t\t\t\t\t<\/div>\n\t\t\t\t<\/div>\n\t\t\t\t<div class=\"elementor-element elementor-element-75d97dd elementor-widget elementor-widget-image\" data-id=\"75d97dd\" data-element_type=\"widget\" data-widget_type=\"image.default\">\n\t\t\t\t<div class=\"elementor-widget-container\">\n\t\t\t\t\t\t\t\t\t\t\t\t\t\t\t<img decoding=\"async\" width=\"768\" height=\"1024\" src=\"https:\/\/maikinthebox.de\/wp-content\/uploads\/2021\/07\/20210711_0406146116829730852772031-768x1024.jpg\" class=\"attachment-medium_large size-medium_large wp-image-289\" alt=\"\" srcset=\"https:\/\/maikinthebox.de\/wp-content\/uploads\/2021\/07\/20210711_0406146116829730852772031-768x1024.jpg 768w, https:\/\/maikinthebox.de\/wp-content\/uploads\/2021\/07\/20210711_0406146116829730852772031-225x300.jpg 225w, https:\/\/maikinthebox.de\/wp-content\/uploads\/2021\/07\/20210711_0406146116829730852772031-1152x1536.jpg 1152w, https:\/\/maikinthebox.de\/wp-content\/uploads\/2021\/07\/20210711_0406146116829730852772031-1536x2048.jpg 1536w, https:\/\/maikinthebox.de\/wp-content\/uploads\/2021\/07\/20210711_0406146116829730852772031-700x933.jpg 700w, https:\/\/maikinthebox.de\/wp-content\/uploads\/2021\/07\/20210711_0406146116829730852772031-410x547.jpg 410w, https:\/\/maikinthebox.de\/wp-content\/uploads\/2021\/07\/20210711_0406146116829730852772031-100x133.jpg 100w, https:\/\/maikinthebox.de\/wp-content\/uploads\/2021\/07\/20210711_0406146116829730852772031-275x367.jpg 275w, https:\/\/maikinthebox.de\/wp-content\/uploads\/2021\/07\/20210711_0406146116829730852772031-scaled.jpg 1920w\" sizes=\"(max-width: 768px) 100vw, 768px\" \/>\t\t\t\t\t\t\t\t\t\t\t\t\t\t\t<\/div>\n\t\t\t\t<\/div>\n\t\t\t\t<div class=\"elementor-element elementor-element-538f78a elementor-widget elementor-widget-image\" data-id=\"538f78a\" data-element_type=\"widget\" data-widget_type=\"image.default\">\n\t\t\t\t<div class=\"elementor-widget-container\">\n\t\t\t\t\t\t\t\t\t\t\t\t\t\t\t<img decoding=\"async\" src=\"https:\/\/maikinthebox.de\/wp-content\/uploads\/elementor\/thumbs\/20210711_0408444104368201483744523-scaled-qru7j4bncndj8mql048fkeazb3y9uxdfevfpxbl8c0.jpg\" title=\"licht2.jpg\" alt=\"licht2.jpg\" loading=\"lazy\" \/>\t\t\t\t\t\t\t\t\t\t\t\t\t\t\t<\/div>\n\t\t\t\t<\/div>\n\t\t\t\t\t<\/div>\n\t\t<\/div>\n\t\t\t\t\t<\/div>\n\t\t<\/section>\n\t\t\t\t<\/div>\n\t\t","protected":false},"excerpt":{"rendered":"<p>Wir zaubern Ihnen ein perfektes Ambiente Mit dem Einsatz von Licht werten sie Ihr Ambiente so richtig auf! Floorspots spielen hierbei eine gro\u00dfe Rolle Diese\u00a0Scheinwerfer\u00a0werden auf den Boden gestellt und leuchten die Wand bzw. Decke an, wodurch eine\u00a0indirekte Beleuchtung\u00a0entsteht. Dieses Licht ist statisch, das hei\u00dft, es \u00e4ndert seine Farbe nicht. Die Farbe des Lichtes k\u00f6nnen [&hellip;]<\/p>\n","protected":false},"author":2,"featured_media":0,"parent":0,"menu_order":0,"comment_status":"closed","ping_status":"closed","template":"","meta":{"footnotes":""},"_links":{"self":[{"href":"https:\/\/maikinthebox.de\/index.php?rest_route=\/wp\/v2\/pages\/182"}],"collection":[{"href":"https:\/\/maikinthebox.de\/index.php?rest_route=\/wp\/v2\/pages"}],"about":[{"href":"https:\/\/maikinthebox.de\/index.php?rest_route=\/wp\/v2\/types\/page"}],"author":[{"embeddable":true,"href":"https:\/\/maikinthebox.de\/index.php?rest_route=\/wp\/v2\/users\/2"}],"replies":[{"embeddable":true,"href":"https:\/\/maikinthebox.de\/index.php?rest_route=%2Fwp%2Fv2%2Fcomments&post=182"}],"version-history":[{"count":16,"href":"https:\/\/maikinthebox.de\/index.php?rest_route=\/wp\/v2\/pages\/182\/revisions"}],"predecessor-version":[{"id":423,"href":"https:\/\/maikinthebox.de\/index.php?rest_route=\/wp\/v2\/pages\/182\/revisions\/423"}],"wp:attachment":[{"href":"https:\/\/maikinthebox.de\/index.php?rest_route=%2Fwp%2Fv2%2Fmedia&parent=182"}],"curies":[{"name":"wp","href":"https:\/\/api.w.org\/{rel}","templated":true}]}}